{"id":109,"date":"2021-12-07T15:35:35","date_gmt":"2021-12-07T15:35:35","guid":{"rendered":"https:\/\/websitebuilder-demo.net\/refix\/?page_id=109"},"modified":"2025-02-24T17:47:40","modified_gmt":"2025-02-24T16:47:40","slug":"demo-contact","status":"publish","type":"page","link":"https:\/\/ines.bonvallet.formation-esiac.fr\/index.php\/demo-contact\/","title":{"rendered":"Contact"},"content":{"rendered":"<div class=\"brz-root__container brz-reset-all brz brz-root__container-page\">\n<section id=\"_lwrsnsbupvircdkpvtbdkdsbnqkrecignrhk\" class=\"brz-section brz-css-ky16c3\">\n<div class=\"brz-section__content brz-section--boxed brz-css-l56mzs brz-css-sx8m28\" data-brz-custom-id=\"uxlgngukawtwvddyjfvbqpopbjlgsvsnfzvd\">\n<div class=\"brz-bg\">\n<div class=\"brz-bg-color\"><\/div>\n<\/div>\n<div class=\"brz-container brz-css-6m1w1o\">\n<div class=\"brz-row__container brz-css-6gme14 brz-css-1e921yb\" data-brz-custom-id=\"yyjhwkdjtdoulhytzzpbttxllaalwxomqltz\">\n<div class=\"brz-bg\"><\/div>\n<div class=\"brz-row brz-css-13p0y48 brz-css-p45lct\">\n<div class=\"brz-columns brz-css-mbg8or brz-css-14tgngu\" data-brz-custom-id=\"jkaggoxujziitirfvpojhhevwoqsnonawnls\">\n<div class=\"brz-bg\"><\/div>\n<div class=\"brz-column__items brz-css-1l9lltu brz-css-1robz3h\">\n<div class=\"brz-wrapper-clone brz-css-noykz5 brz-css-irw0jb\">\n<div class=\"brz-d-xs-flex brz-flex-xs-wrap brz-css-1vthwe7\" data-brz-custom-id=\"\">\n<div class=\"brz-wrapper-clone__item\" id=\"mkbyklnixvgbjyguanvtqmhmhwgyhtkaqwxh\">\n<div class=\"brz-icon__container\" data-brz-custom-id=\"mkbyklnixvgbjyguanvtqmhmhwgyhtkaqwxh\"><span class=\"brz-icon brz-span brz-css-kjvarm brz-css-tgh6up\"><\/span><\/div>\n<\/div>\n<\/div>\n<\/div>\n<\/div>\n<\/div>\n<\/div>\n<\/div>\n<\/div>\n<\/div>\n<\/section>\n<section id=\"_xMfztM2JYqcI\" class=\"brz-section brz-css-ky16c3\">\n<div class=\"brz-section__content brz-section--boxed brz-css-l56mzs\" data-brz-custom-id=\"fqGaqQ9iHODO\">\n<div class=\"brz-container brz-css-6m1w1o\">\n<div id=\"\" class=\"brz-css-sp8ug0 brz-css-366xid brz-wrapper\">\n<div class=\"brz-wp-shortcode brz-css-179ffmf brz-css-vskjh1\" data-brz-custom-id=\"gdlqBdvNZs7B\">\n<div>\n<div class=\"brizy-contact-form\">\n<h2>Contactez-nous<\/h2>\n<p>        <label for=\"name\">Nom et Pr\u00e9nom<\/label><\/p>\n<p>        <label for=\"email\">Adresse Email<\/label><\/p>\n<p>        <label for=\"phone\">Num\u00e9ro de T\u00e9l\u00e9phone<\/label><\/p>\n<p>        <button type=\"submit\">Envoyer<\/button><\/p>\n<\/div>\n<p>\/* Conteneur principal encapsul\u00e9 *\/<br \/>\n.brizy-contact-form {<br \/>\n    width: 100%;<br \/>\n    display: flex;<br \/>\n    justify-content: center;<br \/>\n    align-items: center;<br \/>\n    padding: 20px 0;<br \/>\n    box-sizing: border-box;<br \/>\n}<\/p>\n<p>\/* Conteneur du formulaire *\/<br \/>\n.contact-form {<br \/>\n    background-color: #83b9d9;<br \/>\n    padding: 20px;<br \/>\n    border-radius: 10px;<br \/>\n    box-shadow: 0 4px 10px rgba(0, 0, 0, 0.1);<br \/>\n    width: 100%;<br \/>\n    max-width: 400px;<br \/>\n}<\/p>\n<p>.contact-form h2 {<br \/>\n    text-align: center;<br \/>\n    color: white;<br \/>\n    margin-bottom: 20px;<br \/>\n}<\/p>\n<p>\/* Champs du formulaire *\/<br \/>\n.contact-form label {<br \/>\n    display: block;<br \/>\n    color: white;<br \/>\n    font-weight: bold;<br \/>\n    margin-bottom: 5px;<br \/>\n}<\/p>\n<p>.contact-form input {<br \/>\n    width: 100%;<br \/>\n    padding: 10px;<br \/>\n    margin-bottom: 15px;<br \/>\n    border: 1px solid white;<br \/>\n    border-radius: 5px;<br \/>\n    background-color: white;<br \/>\n    color: #333;<br \/>\n    font-size: 14px;<br \/>\n}<\/p>\n<p>.contact-form input:focus {<br \/>\n    border-color: #5a9cb2;<br \/>\n    outline: none;<br \/>\n}<\/p>\n<p>\/* Bouton d&rsquo;envoi *\/<br \/>\n.contact-form button {<br \/>\n    width: 100%;<br \/>\n    padding: 10px;<br \/>\n    background-color: white;<br \/>\n    color: #83b9d9;<br \/>\n    border: none;<br \/>\n    border-radius: 5px;<br \/>\n    font-size: 16px;<br \/>\n    font-weight: bold;<br \/>\n    cursor: pointer;<br \/>\n    transition: background-color 0.3s;<br \/>\n}<\/p>\n<p>.contact-form button:hover {<br \/>\n    background-color: #5a9cb2;<br \/>\n    color: white;<br \/>\n}\n<\/p><\/div>\n<\/div>\n<\/div>\n<\/div>\n<\/div>\n<\/section>\n<\/div>\n<p>    <!-- version:1740415660 --><\/p>\n","protected":false},"excerpt":{"rendered":"<p>Contactez-nous Nom et Pr\u00e9nom Adresse Email Num\u00e9ro de T\u00e9l\u00e9phone Envoyer \/* Conteneur principal encapsul\u00e9 *\/ .brizy-contact-form { width: 100%; display: flex; justify-content: center; align-items: center; padding: 20px 0; box-sizing: border-box; } \/* Conteneur du formulaire *\/ .contact-form { background-color: #83b9d9; padding: 20px; border-radius: 10px; box-shadow: 0 4px 10px rgba(0, 0, 0, 0.1); width: 100%; max-width: [&hellip;]<\/p>\n","protected":false},"author":1,"featured_media":0,"parent":0,"menu_order":0,"comment_status":"closed","ping_status":"closed","template":"brizy-blank-template.php","meta":{"footnotes":""},"class_list":["post-109","page","type-page","status-publish","hentry"],"_links":{"self":[{"href":"https:\/\/ines.bonvallet.formation-esiac.fr\/index.php\/wp-json\/wp\/v2\/pages\/109","targetHints":{"allow":["GET"]}}],"collection":[{"href":"https:\/\/ines.bonvallet.formation-esiac.fr\/index.php\/wp-json\/wp\/v2\/pages"}],"about":[{"href":"https:\/\/ines.bonvallet.formation-esiac.fr\/index.php\/wp-json\/wp\/v2\/types\/page"}],"author":[{"embeddable":true,"href":"https:\/\/ines.bonvallet.formation-esiac.fr\/index.php\/wp-json\/wp\/v2\/users\/1"}],"replies":[{"embeddable":true,"href":"https:\/\/ines.bonvallet.formation-esiac.fr\/index.php\/wp-json\/wp\/v2\/comments?post=109"}],"version-history":[{"count":8,"href":"https:\/\/ines.bonvallet.formation-esiac.fr\/index.php\/wp-json\/wp\/v2\/pages\/109\/revisions"}],"predecessor-version":[{"id":462,"href":"https:\/\/ines.bonvallet.formation-esiac.fr\/index.php\/wp-json\/wp\/v2\/pages\/109\/revisions\/462"}],"wp:attachment":[{"href":"https:\/\/ines.bonvallet.formation-esiac.fr\/index.php\/wp-json\/wp\/v2\/media?parent=109"}],"curies":[{"name":"wp","href":"https:\/\/api.w.org\/{rel}","templated":true}]}}