{"id":479,"date":"2024-12-01T01:18:31","date_gmt":"2024-12-01T00:18:31","guid":{"rendered":"https:\/\/ines.bonvallet.formation-esiac.fr\/?page_id=479"},"modified":"2025-02-20T02:37:31","modified_gmt":"2025-02-20T01:37:31","slug":"rgpd","status":"publish","type":"page","link":"https:\/\/ines.bonvallet.formation-esiac.fr\/index.php\/rgpd\/","title":{"rendered":"RGPD"},"content":{"rendered":"<div class=\"brz-root__container brz-reset-all brz brz-root__container-page\">\n<section id=\"_m8mZtCBezpot\" class=\"brz-section brz-css-241dpu\">\n<div class=\"brz-section__content brz-section--boxed brz-css-1bevb75\" data-brz-custom-id=\"rxuQarFd5uXv\">\n<div class=\"brz-container brz-css-dbdpdk\">\n<div id=\"\" class=\"brz-css-119kq67 brz-css-14swube brz-wrapper brizy-section\">\n<div class=\"brz-wp-shortcode brz-css-eukef2\" data-brz-custom-id=\"bdLFOugrAxL4\">\n<div>\n<p>    <title>Mentions L\u00e9gales et Politique de Confidentialit\u00e9<\/title><\/p>\n<p>        body {<br \/>\n            font-family: Arial, sans-serif;<br \/>\n            background-color: #f0f8fc;<br \/>\n            color: #333;<br \/>\n            margin: 0;<br \/>\n            padding: 0;<br \/>\n        }<br \/>\n        header {<br \/>\n            background-color: #83b9d9;<br \/>\n            color: white;<br \/>\n            text-align: center;<br \/>\n            padding: 1rem 0;<br \/>\n        }<br \/>\n        header h1 {<br \/>\n            margin: 0;<br \/>\n        }<br \/>\n        main {<br \/>\n            padding: 1rem 2rem;<br \/>\n        }<br \/>\n        section {<br \/>\n            margin-bottom: 2rem;<br \/>\n        }<br \/>\n        h2, h3 {<br \/>\n            color: #83b9d9;<br \/>\n        }<br \/>\n        a {<br \/>\n            color: #83b9d9;<br \/>\n            text-decoration: none;<br \/>\n        }<br \/>\n        a:hover {<br \/>\n            text-decoration: underline;<br \/>\n        }<br \/>\n        footer {<br \/>\n            text-align: center;<br \/>\n            background-color: #83b9d9;<br \/>\n            color: white;<br \/>\n            padding: 1rem 0;<br \/>\n        }<\/p>\n<header>\n<h1>Mentions L\u00e9gales et Politique de Confidentialit\u00e9<\/h1>\n<\/header>\n<p>    <main><\/p>\n<section>\n<h2>Informations L\u00e9gales<\/h2>\n<p><strong>\u00c9diteur du site :<\/strong> In\u00e8s BONVALLET<\/p>\n<p><strong>Adresse :<\/strong> Le Mans<\/p>\n<p><strong>Contact :<\/strong> <a href=\"mailto:[email]\">ines.bonvallet07@gmail.com<\/a><\/p>\n<p><strong>H\u00e9bergeur :<\/strong> OVH<\/p>\n<\/section>\n<section>\n<h2>Politique de Confidentialit\u00e9<\/h2>\n<h3>Donn\u00e9es collect\u00e9es<\/h3>\n<ul>\n<li>Donn\u00e9es personnelles : nom, pr\u00e9nom, email.<\/li>\n<li>Donn\u00e9es techniques : adresse IP, type de navigateur.<\/li>\n<\/ul>\n<h3>Finalit\u00e9s des traitements<\/h3>\n<p>Les donn\u00e9es collect\u00e9es sont utilis\u00e9es pour :<\/p>\n<ul>\n<li>Cr\u00e9er et g\u00e9rer votre compte utilisateur.<\/li>\n<li>Analyser le trafic pour am\u00e9liorer nos services.<\/li>\n<li>R\u00e9pondre \u00e0 vos demandes via les formulaires de contact.<\/li>\n<\/ul>\n<h3>Vos droits<\/h3>\n<p>Conform\u00e9ment au RGPD, vous disposez des droits suivants :<\/p>\n<ul>\n<li>Droit d\u2019acc\u00e8s, de rectification, et de suppression.<\/li>\n<li>Droit d\u2019opposition et de limitation du traitement.<\/li>\n<li>Droit \u00e0 la portabilit\u00e9 des donn\u00e9es.<\/li>\n<\/ul>\n<p>Pour exercer vos droits, contactez : <a href=\"mailto:[email]\">ines.bonvallet07@gmail.com<\/a><\/p>\n<h3>S\u00e9curit\u00e9 des donn\u00e9es<\/h3>\n<p>Nous appliquons les recommandations de l\u2019ANSSI, notamment :<\/p>\n<ul>\n<li>Cryptage des donn\u00e9es en transit (TLS 1.2 ou sup\u00e9rieur).<\/li>\n<li>Acc\u00e8s restreint aux donn\u00e9es sensibles.<\/li>\n<li>Sauvegardes r\u00e9guli\u00e8res et s\u00e9curis\u00e9es.<\/li>\n<\/ul>\n<\/section>\n<p>    <\/main><\/p>\n<footer>\n<p>\u00a9 2024 &#8211; Tous droits r\u00e9serv\u00e9s.<\/p>\n<\/footer>\n<\/div>\n<\/div>\n<\/div>\n<\/div>\n<\/div>\n<\/section>\n<\/div>\n<p>    <!-- version:1740015451 --><\/p>\n","protected":false},"excerpt":{"rendered":"<p>Mentions L\u00e9gales et Politique de Confidentialit\u00e9 body { font-family: Arial, sans-serif; background-color: #f0f8fc; color: #333; margin: 0; padding: 0; } header { background-color: #83b9d9; color: white; text-align: center; padding: 1rem 0; } header h1 { margin: 0; } main { padding: 1rem 2rem; } section { margin-bottom: 2rem; } h2, h3 { color: #83b9d9; } [&hellip;]<\/p>\n","protected":false},"author":1,"featured_media":0,"parent":0,"menu_order":0,"comment_status":"closed","ping_status":"closed","template":"brizy-blank-template.php","meta":{"footnotes":""},"class_list":["post-479","page","type-page","status-publish","hentry"],"_links":{"self":[{"href":"https:\/\/ines.bonvallet.formation-esiac.fr\/index.php\/wp-json\/wp\/v2\/pages\/479","targetHints":{"allow":["GET"]}}],"collection":[{"href":"https:\/\/ines.bonvallet.formation-esiac.fr\/index.php\/wp-json\/wp\/v2\/pages"}],"about":[{"href":"https:\/\/ines.bonvallet.formation-esiac.fr\/index.php\/wp-json\/wp\/v2\/types\/page"}],"author":[{"embeddable":true,"href":"https:\/\/ines.bonvallet.formation-esiac.fr\/index.php\/wp-json\/wp\/v2\/users\/1"}],"replies":[{"embeddable":true,"href":"https:\/\/ines.bonvallet.formation-esiac.fr\/index.php\/wp-json\/wp\/v2\/comments?post=479"}],"version-history":[{"count":14,"href":"https:\/\/ines.bonvallet.formation-esiac.fr\/index.php\/wp-json\/wp\/v2\/pages\/479\/revisions"}],"predecessor-version":[{"id":525,"href":"https:\/\/ines.bonvallet.formation-esiac.fr\/index.php\/wp-json\/wp\/v2\/pages\/479\/revisions\/525"}],"wp:attachment":[{"href":"https:\/\/ines.bonvallet.formation-esiac.fr\/index.php\/wp-json\/wp\/v2\/media?parent=479"}],"curies":[{"name":"wp","href":"https:\/\/api.w.org\/{rel}","templated":true}]}}