{"id":59,"date":"2021-12-07T15:31:56","date_gmt":"2021-12-07T15:31:56","guid":{"rendered":"https:\/\/websitebuilder-demo.net\/refix\/?page_id=59"},"modified":"2025-01-27T22:54:54","modified_gmt":"2025-01-27T21:54:54","slug":"demo-about","status":"publish","type":"page","link":"https:\/\/ines.bonvallet.formation-esiac.fr\/index.php\/demo-about\/","title":{"rendered":"Qui-suis-je ?"},"content":{"rendered":"<div class=\"brz-root__container brz-reset-all brz brz-root__container-page\">{{ brizy_dc_global_blocks position=&rsquo;top&rsquo; }}<\/p>\n<section id=\"{{placeholder content='e3sgcmFuZG9tX2lkIH19' key='ndpeavqveyruumirqbrpthtzmffdziofbodt'}}_ndpeavqveyruumirqbrpthtzmffdziofbodt\" class=\"brz-section brz-css-1o7ozjo\">\n<div class=\"brz-section__content brz-section--boxed brz-css-zcdxja brz-css-lsoh2u\" data-brz-custom-id=\"nxgtkhnewpszddjtdeaywgbkiqzvavgjqdya\">\n<div class=\"brz-bg\">\n<div class=\"brz-bg-color\"><\/div>\n<\/div>\n<div class=\"brz-container brz-css-1xihmqa\">\n<div class=\"brz-row__container brz-css-1djly88\" data-brz-custom-id=\"itxtnmrnaskiznjrydqbvleryspvgtpsqcqw\">\n<div class=\"brz-bg\"><\/div>\n<div class=\"brz-row brz-css-1xn9v0t brz-css-51a6u0\">\n<div class=\"brz-columns brz-css-1jlai1x brz-css-1wt8vi6\" data-brz-custom-id=\"ihcdrbqgqtpggutvfifvbbnvekocurarfcbi\">\n<div class=\"brz-bg\"><\/div>\n<div class=\"brz-column__items brz-css-1xcmk2z brz-css-1uo33q0\">\n<div class=\"brz-wrapper-clone brz-css-15hnrj3 brz-css-szgrn9\">\n<div class=\"brz-d-xs-flex brz-flex-xs-wrap brz-css-1g4q6tu brz-css-1l27bx8\" data-brz-custom-id=\"\">\n<div class=\"brz-wrapper-clone__item\" id=\"rndnlxlmubhxjtaptoxuechixirrxanpfizz\">\n<div class=\"brz-icon__container\" data-brz-custom-id=\"rndnlxlmubhxjtaptoxuechixirrxanpfizz\"><span class=\"brz-icon brz-span brz-css-1oawl25 brz-css-yux8si\"><svg class=\"brz-icon-svg align-[initial]\"><use href=\"\/wp-content\/plugins\/brizy\/public\/editor-build\/prod\/editor\/icons\/fa\/user.svg#fa_icon\"><\/use><\/svg><\/span><\/div>\n<\/div>\n<\/div>\n<\/div>\n<div id=\"\" class=\"brz-css-1p7jlas brz-css-bo8rxn brz-wrapper\">\n<div class=\"brz-rich-text brz-rich-text__custom brz-css-1v5443o\" data-brz-custom-id=\"nhnsxhebrtcqvigbstaxkmtwhjlmzulzutli\">\n<div data-brz-translate-text=\"1\">\n<p class=\"brz-mb-lg-10 brz-tp-lg-heading6 brz-mt-lg-10 brz-text-lg-justify brz-css-aDuFf\" data-uniq-id=\"nb6Wn\" data-generated-css=\"brz-css-gPTDK\"><span style=\"color: rgb(131, 186, 217);\">Pr\u00e9sentation Personnelle<\/span><\/p>\n<\/div>\n<\/div>\n<\/div>\n<div id=\"\" class=\"brz-css-1p7jlas brz-css-1nyudme brz-wrapper\">\n<div class=\"brz-rich-text brz-rich-text__custom brz-css-1v5443o\" data-brz-custom-id=\"bwscxduqdhhhvzviankqtelsbujlvaqyqjpx\">\n<div data-brz-translate-text=\"1\">\n<p class=\"brz-tp-lg-paragraph brz-mb-lg-40 brz-css-e7nYw\" data-uniq-id=\"j9Crm\" data-generated-css=\"brz-css-vvYI1\"><span class=\"brz-cp-color7\" style=\"opacity: 0.75;\">Je m&rsquo;appelle In\u00e8s, j&rsquo;ai 19 ans et je suis en deuxi\u00e8me ann\u00e9e de BTS SIO option SISR (Solutions d&rsquo;Infrastructures Syst\u00e8mes et R\u00e9seaux).<\/span><\/p>\n<p class=\"brz-tp-lg-paragraph brz-mb-lg-40 brz-css-b2VCP\" data-uniq-id=\"ebnna\" data-generated-css=\"brz-css-hohMs\"><span class=\"brz-cp-color7\" style=\"opacity: 0.75;\">Je me suis orient\u00e9e dans cette formation suite \u00e0 mon Baccalaur\u00e9at g\u00e9n\u00e9ral sp\u00e9cialit\u00e9s Maths et Physique Chimie car j&rsquo;ai toujours \u00e9t\u00e9 passionn\u00e9e par le domaine informatique et les nouvelles technologies.<\/span><\/p>\n<p class=\"brz-tp-lg-paragraph brz-mb-lg-40 brz-css-hXEOp\" data-uniq-id=\"xo9qw\" data-generated-css=\"brz-css-mGH2f\"><span class=\"brz-cp-color7\" style=\"opacity: 0.75;\"> Au cours de ma formation, j&rsquo;ai pu apprendre beaucoup de choses : que ce soit en termes de comp\u00e9tences mais \u00e9galement sur moi-m\u00eame.<\/span><\/p>\n<p class=\"brz-tp-lg-paragraph brz-mb-lg-40 brz-css-arrK2\" data-uniq-id=\"oqdpI\" data-generated-css=\"brz-css-nTNQ2\"><span class=\"brz-cp-color7\" style=\"opacity: 0.75;\">Ce qui m&rsquo;a permis de comprendre que je voulais garder cet attrait pour l&rsquo;informatique en tant que passion et rien de plus. <\/span><\/p>\n<\/div>\n<\/div>\n<\/div>\n<\/div>\n<\/div>\n<div class=\"brz-columns brz-css-1jlai1x brz-css-xa8wug\" data-brz-custom-id=\"uCAs9NUXltvq\">\n<div class=\"brz-bg\"><\/div>\n<div class=\"brz-column__items brz-css-1xcmk2z brz-css-3whdgv\">\n<div id=\"\" class=\"brz-css-1p7jlas brz-wrapper\">\n<div class=\"brz-wp-shortcode brz-css-5s6xc6\" data-brz-custom-id=\"zJZ0vgG2tI7o\">\n<div>\n<div style=\"text-align:center; padding: 20px;\">\n    <img decoding=\"async\" src=\"https:\/\/visme.co\/blog\/wp-content\/uploads\/2020\/02\/header-1200.gif\n      \" alt=\"Animation sympa\" style=\"max-width:100%; height:auto;\">\n<\/div>\n<\/div>\n<\/div>\n<\/div>\n<div class=\"brz-wrapper-clone brz-css-15hnrj3\">\n<div class=\"brz-d-xs-flex brz-flex-xs-wrap brz-css-1g4q6tu\" data-brz-custom-id=\"\">\n<div class=\"brz-wrapper-clone__item\" id=\"cDhDmNidwugn\"><a class=\"brz-a brz-btn brz-css-1ah9306 brz-css-ne2azj brz-css-1qjbbla brz-css-1syxvk9\" href=\"{@brizy_SITE_URL_PLACEHOLDER@}\/wp-content\/uploads\/2024\/12\/CV.pdf\" target=\"_blank\" rel=\"noopener\" data-brz-link-type=\"external\" data-brz-custom-id=\"cDhDmNidwugn\"><svg class=\"brz-icon-svg align-[initial] brz-css-12nwmm\"><use href=\"\/wp-content\/plugins\/brizy\/public\/editor-build\/prod\/editor\/icons\/glyph\/tail-right.svg#nc_icon\"><\/use><\/svg><span data-brz-translate-text=\"1\" class=\"brz-span brz-text__editor\">T\u00e9l\u00e9charger mon CV<\/span><\/a><\/div>\n<\/div>\n<\/div>\n<\/div>\n<\/div>\n<\/div>\n<\/div>\n<\/div>\n<\/div>\n<\/section>\n<section id=\"{{placeholder content='e3sgcmFuZG9tX2lkIH19' key='a0i7iQjSf1FL'}}_a0i7iQjSf1FL\" class=\"brz-section brz-css-1o7ozjo\">\n<div class=\"brz-section__content brz-section--boxed brz-css-zcdxja\" data-brz-custom-id=\"emmNLQ4wrbZo\">\n<div class=\"brz-container brz-css-1xihmqa\">\n<div class=\"brz-row__container brz-css-1djly88\" data-brz-custom-id=\"j2GUFlkbX_zw\">\n<div class=\"brz-bg\"><\/div>\n<div class=\"brz-row brz-css-1xn9v0t brz-css-51a6u0\">\n<div class=\"brz-columns brz-css-1jlai1x brz-css-11s3o7t\" data-brz-custom-id=\"zUKboh9xCFag\">\n<div class=\"brz-bg\"><\/div>\n<div class=\"brz-column__items brz-css-1xcmk2z brz-css-7027d0\">\n<div id=\"\" class=\"brz-css-1p7jlas brz-wrapper\">\n<div class=\"brz-wp-shortcode brz-css-5s6xc6\" data-brz-custom-id=\"fZHTnHhE0mQ6\">\n<div>\n<div style=\"text-align:center; padding: 20px;\">\n    <img decoding=\"async\" src=\"https:\/\/cdn.dribbble.com\/users\/279323\/screenshots\/14971889\/comp_1.gif\n      \" alt=\"Animation sympa\" style=\"max-width:100%; height:auto;\">\n<\/div>\n<\/div>\n<\/div>\n<\/div>\n<\/div>\n<\/div>\n<div class=\"brz-columns brz-css-1jlai1x brz-css-1esxmhy\" data-brz-custom-id=\"eL5XPuN8sMiO\">\n<div class=\"brz-bg\"><\/div>\n<div class=\"brz-column__items brz-css-1xcmk2z brz-css-7enr02\">\n<div class=\"brz-wrapper-clone brz-css-15hnrj3 brz-css-17vlc5h\">\n<div class=\"brz-d-xs-flex brz-flex-xs-wrap brz-css-1g4q6tu brz-css-18u2je4\" data-brz-custom-id=\"\">\n<div class=\"brz-wrapper-clone__item\" id=\"gdqGnEJuyM19\">\n<div class=\"brz-icon__container\" data-brz-custom-id=\"gdqGnEJuyM19\"><span class=\"brz-icon brz-span brz-css-1oawl25 brz-css-hbx692\"><svg class=\"brz-icon-svg align-[initial]\"><use href=\"\/wp-content\/plugins\/brizy\/public\/editor-build\/prod\/editor\/icons\/fa\/folder-closed.svg#fa_icon\"><\/use><\/svg><\/span><\/div>\n<\/div>\n<\/div>\n<\/div>\n<div id=\"\" class=\"brz-css-1p7jlas brz-css-wd3z62 brz-wrapper\">\n<div class=\"brz-rich-text brz-rich-text__custom brz-css-1v5443o\" data-brz-custom-id=\"neiyJuiyVK4C\">\n<div data-brz-translate-text=\"1\">\n<p class=\"brz-text-lg-justify brz-mt-lg-10 brz-tp-lg-heading6 brz-mb-lg-10 brz-css-mZv4e\" data-generated-css=\"brz-css-paWgL\" data-uniq-id=\"gJzAJ\"><span style=\"color: rgb(131, 186, 217);\">Projet futur<\/span><\/p>\n<\/div>\n<\/div>\n<\/div>\n<div id=\"\" class=\"brz-css-1p7jlas brz-css-kdn3pc brz-wrapper\">\n<div class=\"brz-rich-text brz-rich-text__custom brz-css-1v5443o\" data-brz-custom-id=\"f9NjJwFTd4AZ\">\n<div data-brz-translate-text=\"1\">\n<p class=\"brz-mb-lg-40 brz-tp-lg-paragraph brz-css-kT0jB\" data-generated-css=\"brz-css-cVHRw\" data-uniq-id=\"pzv_a\"><span style=\"color: rgb(127, 132, 135);\">Je vais donc effectuer une r\u00e9orientation l&rsquo;ann\u00e9e prochaine au sein d&rsquo;un Bachelor, toujours en alternance.<\/span><\/p>\n<p class=\"brz-mb-lg-40 brz-tp-lg-paragraph brz-css-vXaCY\" data-generated-css=\"brz-css-rMjfU\" data-uniq-id=\"izBx1\"><span style=\"color: rgb(127, 132, 135);\">Ayant un attrait fort pour la communication, la cr\u00e9ation et le digital : j&rsquo;ai s\u00e9lectionn\u00e9 le domaine du Webmarketing et du E-commerce.<\/span><\/p>\n<p class=\"brz-mb-lg-40 brz-tp-lg-paragraph brz-css-xonNG\" data-generated-css=\"brz-css-eQAhq\" data-uniq-id=\"qC52_\"><span style=\"color: rgb(127, 132, 135);\"> Ce domaine va<\/span><span style=\"color: rgb(127, 132, 135); background-color: initial;\"> me permettre, en plus de mes connaissances en informatique, de d\u00e9velopper mes connaissances g\u00e9n\u00e9rales et techniques. Et en parall\u00e8le, d&rsquo;\u00e9toffer mon savoir-faire en entreprise.<\/span><\/p>\n<\/div>\n<\/div>\n<\/div>\n<\/div>\n<\/div>\n<\/div>\n<\/div>\n<\/div>\n<\/div>\n<\/section>\n<p>{{ brizy_dc_global_blocks position=&rsquo;bottom&rsquo; }}<\/p><\/div>\n<p>    <!-- version:1738014894 --><\/p>\n","protected":false},"excerpt":{"rendered":"<p>{{ brizy_dc_global_blocks position=&rsquo;top&rsquo; }} Pr\u00e9sentation Personnelle Je m&rsquo;appelle In\u00e8s, j&rsquo;ai 19 ans et je suis en deuxi\u00e8me ann\u00e9e de BTS SIO option SISR (Solutions d&rsquo;Infrastructures Syst\u00e8mes et R\u00e9seaux). Je me suis orient\u00e9e dans cette formation suite \u00e0 mon Baccalaur\u00e9at g\u00e9n\u00e9ral sp\u00e9cialit\u00e9s Maths et Physique Chimie car j&rsquo;ai toujours \u00e9t\u00e9 passionn\u00e9e par le domaine informatique et [&hellip;]<\/p>\n","protected":false},"author":1,"featured_media":0,"parent":0,"menu_order":0,"comment_status":"closed","ping_status":"closed","template":"brizy-blank-template.php","meta":{"footnotes":""},"class_list":["post-59","page","type-page","status-publish","hentry"],"_links":{"self":[{"href":"https:\/\/ines.bonvallet.formation-esiac.fr\/index.php\/wp-json\/wp\/v2\/pages\/59","targetHints":{"allow":["GET"]}}],"collection":[{"href":"https:\/\/ines.bonvallet.formation-esiac.fr\/index.php\/wp-json\/wp\/v2\/pages"}],"about":[{"href":"https:\/\/ines.bonvallet.formation-esiac.fr\/index.php\/wp-json\/wp\/v2\/types\/page"}],"author":[{"embeddable":true,"href":"https:\/\/ines.bonvallet.formation-esiac.fr\/index.php\/wp-json\/wp\/v2\/users\/1"}],"replies":[{"embeddable":true,"href":"https:\/\/ines.bonvallet.formation-esiac.fr\/index.php\/wp-json\/wp\/v2\/comments?post=59"}],"version-history":[{"count":26,"href":"https:\/\/ines.bonvallet.formation-esiac.fr\/index.php\/wp-json\/wp\/v2\/pages\/59\/revisions"}],"predecessor-version":[{"id":635,"href":"https:\/\/ines.bonvallet.formation-esiac.fr\/index.php\/wp-json\/wp\/v2\/pages\/59\/revisions\/635"}],"wp:attachment":[{"href":"https:\/\/ines.bonvallet.formation-esiac.fr\/index.php\/wp-json\/wp\/v2\/media?parent=59"}],"curies":[{"name":"wp","href":"https:\/\/api.w.org\/{rel}","templated":true}]}}