{"id":68,"date":"2021-12-07T15:32:38","date_gmt":"2021-12-07T15:32:38","guid":{"rendered":"https:\/\/websitebuilder-demo.net\/refix\/?page_id=68"},"modified":"2025-01-27T22:55:58","modified_gmt":"2025-01-27T21:55:58","slug":"demo-services","status":"publish","type":"page","link":"https:\/\/ines.bonvallet.formation-esiac.fr\/index.php\/demo-services\/","title":{"rendered":"Dossiers"},"content":{"rendered":"<div class=\"brz-root__container brz-reset-all brz brz-root__container-page\">\n<section id=\"_gjnswqfzlqpuifeqopaukrhcfshfyddexaog\" class=\"brz-section brz-css-1nrrgjw\">\n<div class=\"brz-section__content brz-section--boxed brz-css-2k91be brz-css-1ag3kkq\" data-brz-custom-id=\"sudbyuhsqffuhevpmwfzlqrnmgizqsecvbsi\">\n<div class=\"brz-bg\">\n<div class=\"brz-bg-color\"><\/div>\n<\/div>\n<div class=\"brz-container brz-css-aw27xc\">\n<div class=\"brz-row__container brz-css-xglyb7\" data-brz-custom-id=\"kunjdpjbpvxtnzxreqlvlnuivhtesflzcsko\">\n<div class=\"brz-bg\"><\/div>\n<div class=\"brz-row brz-css-phg69x brz-css-905d1i\">\n<div class=\"brz-columns brz-css-nh1hqm brz-css-psmo16 brz-css-1louthe\" data-brz-custom-id=\"vvobmrhooudiulbltkkffnhysoavaszhxhle\">\n<div class=\"brz-bg\"><\/div>\n<div class=\"brz-column__items brz-css-lenp8q brz-css-1lceh7c\">\n<div class=\"brz-row__container brz-css-xglyb7\" data-brz-custom-id=\"crzbdhynzlnpzhuswihklahthswkwxygmtga\">\n<div class=\"brz-bg\"><\/div>\n<div class=\"brz-row brz-row--inner brz-css-phg69x brz-css-905d1i\">\n<div class=\"brz-columns brz-css-nh1hqm brz-css-1yp5h4i\" data-brz-custom-id=\"ractyxxmwblzoykfznwkmgdyudsflywzgdsm\">\n<div class=\"brz-bg\">\n<div class=\"brz-bg-image\"><\/div>\n<\/div>\n<div class=\"brz-column__items brz-css-lenp8q brz-css-11ehhuc\">\n<div id=\"\" class=\"brz-css-1ieuqgt brz-css-ln2brm brz-wrapper\">\n<div class=\"brz-spacer brz-css-4a4mb6 brz-css-13i313a\"><\/div>\n<\/div>\n<\/div>\n<\/div>\n<\/div>\n<\/div>\n<div id=\"\" class=\"brz-css-1ieuqgt brz-css-vbm2vt brz-wrapper\">\n<div class=\"brz-rich-text brz-rich-text__custom brz-css-zmy6o5\" data-brz-custom-id=\"gykrcvfpdiqmnrchvyklxplgxhspgnibhkgt\">\n<div data-brz-translate-text=\"1\">\n<p class=\"brz-mt-lg-20 brz-tp-lg-heading3 brz-text-lg-center brz-mb-lg-10 brz-css-zU1wo\" data-uniq-id=\"rXNzx\" data-generated-css=\"brz-css-rxH_c\"><span class=\"brz-cp-color2\">Dossier U5<\/span><\/p>\n<\/div>\n<\/div>\n<\/div>\n<div class=\"brz-wrapper-clone brz-css-1vpteyh\">\n<div class=\"brz-d-xs-flex brz-flex-xs-wrap brz-css-uqckq0\" data-brz-custom-id=\"\">\n<div class=\"brz-wrapper-clone__item\" id=\"sPFKfSY8skRf\"><a class=\"brz-a brz-btn brz-css-ht78bh brz-css-ndwxuq brz-css-fjhnms brz-css-1npvltd\" href=\"http:\/\/ines.bonvallet.formation-esiac.fr\/wp-content\/uploads\/2024\/12\/Dossier-U5-V5.pdf\" target=\"_blank\" rel=\"noopener\" data-brz-link-type=\"external\" data-brz-custom-id=\"sPFKfSY8skRf\"><svg class=\"brz-icon-svg align-[initial] brz-css-19oq7fw\"><use href=\"\/wp-content\/plugins\/brizy\/public\/editor-build\/prod\/editor\/icons\/glyph\/tail-right.svg#nc_icon\"><\/use><\/svg><span data-brz-translate-text=\"1\" class=\"brz-span brz-text__editor\">T\u00e9l\u00e9charger<\/span><\/a><\/div>\n<\/div>\n<\/div>\n<\/div>\n<\/div>\n<div class=\"brz-columns brz-css-nh1hqm brz-css-psmo16 brz-css-4r7o4t\" data-brz-custom-id=\"xyrwswmkoooalgxltfelfkvnchetttxqglkj\">\n<div class=\"brz-bg\"><\/div>\n<div class=\"brz-column__items brz-css-lenp8q brz-css-1rjlvkd\">\n<div class=\"brz-row__container brz-css-xglyb7\" data-brz-custom-id=\"opfhcmjbwslqecgvsoinvzgqehpfwcmcogrh\">\n<div class=\"brz-bg\"><\/div>\n<div class=\"brz-row brz-row--inner brz-css-phg69x brz-css-905d1i\">\n<div class=\"brz-columns brz-css-nh1hqm brz-css-m0rrks\" data-brz-custom-id=\"sddwerpouyzfvysyonvbfoqdjumjdtvtjqtr\">\n<div class=\"brz-bg\">\n<div class=\"brz-bg-image\"><\/div>\n<\/div>\n<div class=\"brz-column__items brz-css-lenp8q brz-css-v4ttvy\">\n<div id=\"\" class=\"brz-css-1ieuqgt brz-css-ln2brm brz-wrapper\">\n<div class=\"brz-spacer brz-css-4a4mb6 brz-css-1c2ugwv\"><\/div>\n<\/div>\n<\/div>\n<\/div>\n<\/div>\n<\/div>\n<div id=\"\" class=\"brz-css-1ieuqgt brz-css-pv4ssb brz-wrapper\">\n<div class=\"brz-rich-text brz-rich-text__custom brz-css-zmy6o5\" data-brz-custom-id=\"ekthysoegplmqnaqnjffsylnsryoahzkmigp\">\n<div data-brz-translate-text=\"1\">\n<p class=\"brz-mb-lg-10 brz-text-lg-center brz-tp-lg-heading3 brz-mt-lg-20 brz-css-x7Cc1\" data-uniq-id=\"ylbgq\" data-generated-css=\"brz-css-ffkAC\"><span class=\"brz-cp-color2\">Grille de comp\u00e9tence<\/span><\/p>\n<\/div>\n<\/div>\n<\/div>\n<div class=\"brz-wrapper-clone brz-css-1vpteyh\">\n<div class=\"brz-d-xs-flex brz-flex-xs-wrap brz-css-uqckq0\" data-brz-custom-id=\"\">\n<div class=\"brz-wrapper-clone__item\" id=\"mLdbAEKiUfih\"><a class=\"brz-a brz-btn brz-css-ht78bh brz-css-a36yx2 brz-css-fjhnms brz-css-1bvd80c\" href=\"http:\/\/ines.bonvallet.formation-esiac.fr\/wp-content\/uploads\/2024\/12\/8_-_BTS_SIO_-_Annexe_8-1_-_Tableau_de_synthese_-_Epreuve_E4_-_BTS_SIO_2024.pdf\" target=\"_blank\" rel=\"noopener\" data-brz-link-type=\"external\" data-brz-custom-id=\"mLdbAEKiUfih\"><svg class=\"brz-icon-svg align-[initial] brz-css-19oq7fw\"><use href=\"\/wp-content\/plugins\/brizy\/public\/editor-build\/prod\/editor\/icons\/glyph\/tail-right.svg#nc_icon\"><\/use><\/svg><span data-brz-translate-text=\"1\" class=\"brz-span brz-text__editor\">T\u00e9l\u00e9charger<\/span><\/a><\/div>\n<\/div>\n<\/div>\n<\/div>\n<\/div>\n<div class=\"brz-columns brz-css-nh1hqm brz-css-psmo16 brz-css-20ejp9\" data-brz-custom-id=\"bksnffmoaeolvdrawilatawyurhuvqigxpfp\">\n<div class=\"brz-bg\"><\/div>\n<div class=\"brz-column__items brz-css-lenp8q brz-css-nbnlov\">\n<div class=\"brz-row__container brz-css-xglyb7\" data-brz-custom-id=\"snlxbunrkqiiclfvmcmamhydahpxtbvvslem\">\n<div class=\"brz-bg\"><\/div>\n<div class=\"brz-row brz-row--inner brz-css-phg69x brz-css-905d1i\">\n<div class=\"brz-columns brz-css-nh1hqm brz-css-1t3ok6t\" data-brz-custom-id=\"ktqzffpmufaqpsisucbinbasixwggeccfwvs\">\n<div class=\"brz-bg\">\n<div class=\"brz-bg-image\"><\/div>\n<\/div>\n<div class=\"brz-column__items brz-css-lenp8q brz-css-esa8h5\">\n<div id=\"\" class=\"brz-css-1ieuqgt brz-css-ln2brm brz-wrapper\">\n<div class=\"brz-spacer brz-css-4a4mb6 brz-css-o9wao6\"><\/div>\n<\/div>\n<\/div>\n<\/div>\n<\/div>\n<\/div>\n<div id=\"\" class=\"brz-css-1ieuqgt brz-css-wlywxr brz-wrapper\">\n<div class=\"brz-rich-text brz-rich-text__custom brz-css-zmy6o5\" data-brz-custom-id=\"tjaxktckwmmgowxtvzxabowheagypsmfluds\">\n<div data-brz-translate-text=\"1\">\n<p class=\"brz-mb-lg-10 brz-text-lg-center brz-tp-lg-heading3 brz-mt-lg-20 brz-css-bzOzF\" data-uniq-id=\"dHpva\" data-generated-css=\"brz-css-k5WpE\"><span class=\"brz-cp-color2\">Certificat de travail<\/span><\/p>\n<\/div>\n<\/div>\n<\/div>\n<div class=\"brz-wrapper-clone brz-css-1vpteyh\">\n<div class=\"brz-d-xs-flex brz-flex-xs-wrap brz-css-uqckq0\" data-brz-custom-id=\"\">\n<div class=\"brz-wrapper-clone__item\" id=\"l_6wfzMDpppi\"><a class=\"brz-a brz-btn brz-css-ht78bh brz-css-5bk5mv brz-css-fjhnms brz-css-ry633z\" href=\"http:\/\/ines.bonvallet.formation-esiac.fr\/wp-content\/uploads\/2024\/12\/certificat_travail.pdf\" target=\"_blank\" rel=\"noopener\" data-brz-link-type=\"external\" data-brz-custom-id=\"l_6wfzMDpppi\"><svg class=\"brz-icon-svg align-[initial] brz-css-19oq7fw\"><use href=\"\/wp-content\/plugins\/brizy\/public\/editor-build\/prod\/editor\/icons\/glyph\/tail-right.svg#nc_icon\"><\/use><\/svg><span data-brz-translate-text=\"1\" class=\"brz-span brz-text__editor\">T\u00e9l\u00e9charger<\/span><\/a><\/div>\n<\/div>\n<\/div>\n<\/div>\n<\/div>\n<\/div>\n<\/div>\n<\/div>\n<\/div>\n<\/section>\n<\/div>\n<p>    <!-- version:1738014958 --><\/p>\n","protected":false},"excerpt":{"rendered":"<p>Dossier U5 T\u00e9l\u00e9charger Grille de comp\u00e9tence T\u00e9l\u00e9charger Certificat de travail T\u00e9l\u00e9charger<\/p>\n","protected":false},"author":1,"featured_media":0,"parent":0,"menu_order":0,"comment_status":"closed","ping_status":"closed","template":"brizy-blank-template.php","meta":{"footnotes":""},"class_list":["post-68","page","type-page","status-publish","hentry"],"_links":{"self":[{"href":"https:\/\/ines.bonvallet.formation-esiac.fr\/index.php\/wp-json\/wp\/v2\/pages\/68","targetHints":{"allow":["GET"]}}],"collection":[{"href":"https:\/\/ines.bonvallet.formation-esiac.fr\/index.php\/wp-json\/wp\/v2\/pages"}],"about":[{"href":"https:\/\/ines.bonvallet.formation-esiac.fr\/index.php\/wp-json\/wp\/v2\/types\/page"}],"author":[{"embeddable":true,"href":"https:\/\/ines.bonvallet.formation-esiac.fr\/index.php\/wp-json\/wp\/v2\/users\/1"}],"replies":[{"embeddable":true,"href":"https:\/\/ines.bonvallet.formation-esiac.fr\/index.php\/wp-json\/wp\/v2\/comments?post=68"}],"version-history":[{"count":8,"href":"https:\/\/ines.bonvallet.formation-esiac.fr\/index.php\/wp-json\/wp\/v2\/pages\/68\/revisions"}],"predecessor-version":[{"id":596,"href":"https:\/\/ines.bonvallet.formation-esiac.fr\/index.php\/wp-json\/wp\/v2\/pages\/68\/revisions\/596"}],"wp:attachment":[{"href":"https:\/\/ines.bonvallet.formation-esiac.fr\/index.php\/wp-json\/wp\/v2\/media?parent=68"}],"curies":[{"name":"wp","href":"https:\/\/api.w.org\/{rel}","templated":true}]}}