{"id":77,"date":"2021-12-07T15:33:26","date_gmt":"2021-12-07T15:33:26","guid":{"rendered":"https:\/\/websitebuilder-demo.net\/refix\/?page_id=77"},"modified":"2025-02-23T19:47:32","modified_gmt":"2025-02-23T18:47:32","slug":"demo-service-details","status":"publish","type":"page","link":"https:\/\/ines.bonvallet.formation-esiac.fr\/index.php\/demo-service-details\/","title":{"rendered":"Groupe Conty"},"content":{"rendered":"<div class=\"brz-root__container brz-reset-all brz brz-root__container-page\">\n<section id=\"_vytraohstuorxvlxvzackuqvjviygeqattjo\" class=\"brz-section brz-css-1uq0g2b\">\n<div class=\"brz-section__content brz-section--boxed brz-css-16cuc6s brz-css-1vawfsi\" data-brz-custom-id=\"eycccwacisyirqxsbrkzzmuiwklefhpuioqg\">\n<div class=\"brz-bg\">\n<div class=\"brz-bg-color\"><\/div>\n<\/div>\n<div class=\"brz-container brz-css-1kukqu9\">\n<div class=\"brz-row__container brz-css-43ofwd\" data-brz-custom-id=\"qchkxmsniosvkegxcwfbrlfnqhpuuwpylpqc\">\n<div class=\"brz-bg\"><\/div>\n<div class=\"brz-row brz-css-1euvyok brz-css-13hqnm2\">\n<div class=\"brz-columns brz-css-1vs0o6w brz-css-auqtyv\" data-brz-custom-id=\"ugvwazjchlbphuiegnprqudamfpswgzewpyg\">\n<div class=\"brz-bg\"><\/div>\n<div class=\"brz-column__items brz-css-1uiqhvx\">\n<div class=\"brz-row__container brz-css-43ofwd\" data-brz-custom-id=\"whsgqkshjkxkbyrxpciljvzvqovdddjhwmer\">\n<div class=\"brz-bg\"><\/div>\n<div class=\"brz-row brz-row--inner brz-css-1euvyok brz-css-13hqnm2\">\n<div class=\"brz-columns brz-css-1vs0o6w brz-css-1hqi7w7\" data-brz-custom-id=\"peqzogvzhstsijmrcvghmesjjftymalfyvnt\">\n<div class=\"brz-bg\">\n<div class=\"brz-bg-image\"><\/div>\n<\/div>\n<div class=\"brz-column__items brz-css-1uiqhvx brz-css-1kxiq98\">\n<div id=\"\" class=\"brz-css-2zo2wa brz-css-ltdlwh brz-wrapper\">\n<div class=\"brz-spacer brz-css-df5j2n brz-css-1mtunwj\"><\/div>\n<\/div>\n<\/div>\n<\/div>\n<\/div>\n<\/div>\n<div id=\"\" class=\"brz-css-2zo2wa brz-css-1au0acs brz-wrapper\">\n<div class=\"brz-rich-text brz-rich-text__custom brz-css-1xkk4zh\" data-brz-custom-id=\"ixihnutxvfsgqjopdavsnwndymhcutqxgsdi\">\n<div data-brz-translate-text=\"1\">\n<p data-uniq-id=\"jZPz5\" data-generated-css=\"brz-css-ohxT0\" class=\"brz-mt-lg-20 brz-mb-lg-20 brz-tp-lg-empty brz-ff-roboto_slab brz-ft-google brz-fs-lg-30 brz-fss-lg-px brz-fw-lg-400 brz-ls-lg-0 brz-lh-lg-1_4 brz-vfw-lg-400 brz-fwdth-lg-100 brz-fsft-lg-0 brz-css-y7QW_\"><strong class=\"brz-bold-true\">Conty<\/strong><\/p>\n<\/div>\n<\/div>\n<\/div>\n<div id=\"\" class=\"brz-css-2zo2wa brz-css-tmq8yp brz-wrapper\">\n<div class=\"brz-rich-text brz-rich-text__custom brz-css-1xkk4zh\" data-brz-custom-id=\"moudnqqajpxfduuppzkoorrtlooigfrjfvwm\">\n<div data-brz-translate-text=\"1\">\n<p class=\"brz-mb-lg-30 brz-tp-lg-paragraph brz-css-iMDpT\" data-uniq-id=\"vIMcw\" data-generated-css=\"brz-css-uqkby\"><span class=\"brz-cp-color7\">Conty Informatique est une entreprise sp\u00e9cialis\u00e9e dans les solutions informatiques, bas\u00e9e au Mans, Laval et Flers. Ses activit\u00e9s couvrent l&rsquo;informatique (ordinateurs, serveurs, r\u00e9seaux), les syst\u00e8mes d\u2019impression, les t\u00e9l\u00e9coms (t\u00e9l\u00e9phonie IP, internet) et les logiciels de gestion (SAGE, EBP). Avec 30 techniciens, elle offre des services cl\u00e9 en main : installation, maintenance, hotline et formation. Fort d\u2019une exp\u00e9rience de plus de 30 ans, Conty se distingue par une approche personnalis\u00e9e et un accompagnement de proximit\u00e9.<\/span><\/p>\n<\/div>\n<\/div>\n<\/div>\n<div class=\"brz-row__container brz-css-43ofwd\" data-brz-custom-id=\"i5ocBate059A\">\n<div class=\"brz-bg\"><\/div>\n<div class=\"brz-row brz-row--inner brz-css-1euvyok brz-css-13hqnm2\">\n<div class=\"brz-columns brz-css-1vs0o6w brz-css-19cu40q\" data-brz-custom-id=\"edv28RD7YldS\">\n<div class=\"brz-bg\"><\/div>\n<div class=\"brz-column__items brz-css-1uiqhvx brz-css-i7p5bx\">\n<div id=\"\" class=\"brz-css-2zo2wa brz-css-1ejnaxx brz-wrapper\">\n<div class=\"brz-image brz-css-d5h47g\" data-brz-custom-id=\"xEEEr96WYuQA\"><img decoding=\"async\" class=\"brz-img\" src=\"http:\/\/ines.bonvallet.formation-esiac.fr\/wp-content\/uploads\/brizy\/imgs\/Logo_Conty-1-123x137x0x8x123x120x1732999561.png\" alt=\"\" loading=\"lazy\"><\/div>\n<\/div>\n<div id=\"\" class=\"brz-css-2zo2wa brz-css-ac04vb brz-wrapper\">\n<div class=\"brz-map brz-map_styles brz-css-bkhy9l brz-css-1hub0a4\" data-brz-custom-id=\"o_oUKVZPvoj5\">\n<div class=\"brz-ui-ed-map-content\"><iframe src=\"https:\/\/www.google.com\/maps\/embed\/v1\/place?key=AIzaSyCcywKcxXeMZiMwLDcLgyEnNglcLOyB_qw&amp;q=conty saint pavace&amp;zoom=15\"><\/iframe><\/div>\n<\/div>\n<\/div>\n<div id=\"\" class=\"brz-css-2zo2wa brz-css-1fcw14e brz-wrapper\">\n<div class=\"brz-rich-text brz-rich-text__custom brz-css-1xkk4zh\" data-brz-custom-id=\"nQJGNjTZcfJE\">\n<div data-brz-translate-text=\"1\">\n<p class=\"brz-tp-lg-heading6 brz-mt-lg-30 brz-mb-lg-30 brz-css-sTCDx\" data-generated-css=\"brz-css-crjLg\" data-uniq-id=\"tqWSG\"><span>6 Rue de Provence, 72190 Saint Pavace<\/span><\/p>\n<\/div>\n<\/div>\n<\/div>\n<div id=\"\" class=\"brz-css-2zo2wa brz-css-e20gyu brz-wrapper\">\n<div class=\"brz-icon-text brz-css-f5gzjj\" data-brz-custom-id=\"sVCJS9Td7W6v\">\n<div class=\"brz-icon__container\" data-brz-custom-id=\"jHvTL38Kbm0t\"><span class=\"brz-icon brz-span brz-css-1yhplpw brz-css-o6rdc2\"><\/span><\/div>\n<div class=\"brz-text-btn\">\n<div class=\"brz-rich-text brz-rich-text__custom brz-css-1xkk4zh\" data-brz-custom-id=\"wWNfN8lQHT2X\">\n<div data-brz-translate-text=\"1\">\n<p class=\"brz-tp-lg-heading6 brz-css-t37DR\" data-uniq-id=\"yBzhP\" data-generated-css=\"brz-css-lF_fG\"><span class=\"brz-cp-color7\">contact<\/span><span class=\"brz-cp-color7 brz-pre-population-visible\">@conty.fr<\/span><\/p>\n<\/div>\n<\/div>\n<\/div>\n<\/div>\n<\/div>\n<div id=\"\" class=\"brz-css-2zo2wa brz-css-ucs76t brz-wrapper\">\n<div class=\"brz-icon-text brz-css-f5gzjj\" data-brz-custom-id=\"j0jFXYuus8EY\">\n<div class=\"brz-icon__container\" data-brz-custom-id=\"rxNFenWIhwqm\"><span class=\"brz-icon brz-span brz-css-1yhplpw brz-css-1c5qgz8\"><\/span><\/div>\n<div class=\"brz-text-btn\">\n<div class=\"brz-rich-text brz-rich-text__custom brz-css-1xkk4zh\" data-brz-custom-id=\"ck5kXIVWXjiT\">\n<div data-brz-translate-text=\"1\">\n<p class=\"brz-tp-lg-heading6 brz-css-rm2Wh\" data-uniq-id=\"cFTSt\" data-generated-css=\"brz-css-jukC8\"><span class=\"brz-cp-color7\">02 43 82 06 63<\/span><\/p>\n<\/div>\n<\/div>\n<\/div>\n<\/div>\n<\/div>\n<\/div>\n<\/div>\n<\/div>\n<\/div>\n<\/div>\n<\/div>\n<div class=\"brz-columns brz-css-1vs0o6w brz-css-yr9ib2\" data-brz-custom-id=\"mwrunmyicrvatrgvckhnvlhbqgwuqooncwam\">\n<div class=\"brz-bg\"><\/div>\n<div class=\"brz-column__items brz-css-1uiqhvx brz-css-77f9el\">\n<div class=\"brz-row__container brz-css-43ofwd\" data-brz-custom-id=\"fanzxpqvmohsiugjcihkgyidxrtkmfmfgigk\">\n<div class=\"brz-bg\"><\/div>\n<div class=\"brz-row brz-row--inner brz-css-1euvyok brz-css-13hqnm2\">\n<div class=\"brz-columns brz-css-1vs0o6w brz-css-p41tdx\" data-brz-custom-id=\"txeqvvjuxwyvtlpnhwlhqfydfmzuddaltose\">\n<div class=\"brz-bg\">\n<div class=\"brz-bg-color\"><\/div>\n<\/div>\n<div class=\"brz-column__items brz-css-1uiqhvx brz-css-1t8wdb5\">\n<div id=\"\" data-brz-iteration-count=\"1\" class=\"brz-css-2zo2wa brz-css-sg1hc0 brz-wrapper brz-animated brz-css-1gt4wqv brz-css-1ghyuos\" data-animationid=\"caggzvrlfwmprtqwcewwthnpalljxrnjtmso\">\n<div class=\"brz-rich-text brz-rich-text__custom brz-css-1xkk4zh\" data-brz-custom-id=\"xkorpwudrgfcedjfhaxuggckvunatbumziws\">\n<div data-brz-translate-text=\"1\">\n<p class=\"brz-mb-lg-0 brz-tp-lg-abovetitle brz-css-qeowR\" data-uniq-id=\"sR654\" data-generated-css=\"brz-css-ecgtG\">Services<\/p>\n<\/div>\n<\/div>\n<\/div>\n<div id=\"\" class=\"brz-css-2zo2wa brz-wrapper\">\n<div class=\"brz-rich-text brz-rich-text__custom brz-css-1xkk4zh\" data-brz-custom-id=\"c1LQKf6rUzSK\">\n<div data-brz-translate-text=\"1\">\n<p class=\"brz-tp-lg-paragraph brz-css-zAn0t\" data-generated-css=\"brz-css-tond6\" data-uniq-id=\"zKGgu\"><span>Informatique<\/span><\/p>\n<\/div>\n<\/div>\n<\/div>\n<div id=\"\" class=\"brz-css-2zo2wa brz-wrapper\">\n<div class=\"brz-rich-text brz-rich-text__custom brz-css-1xkk4zh\" data-brz-custom-id=\"ldwrcFP_b4qI\">\n<div data-brz-translate-text=\"1\">\n<p class=\"brz-tp-lg-paragraph brz-css-znOFn\" data-uniq-id=\"tI7cf\" data-generated-css=\"brz-css-sxDit\"><span>Bureautique<\/span><\/p>\n<\/div>\n<\/div>\n<\/div>\n<div id=\"\" class=\"brz-css-2zo2wa brz-wrapper\">\n<div class=\"brz-rich-text brz-rich-text__custom brz-css-1xkk4zh\" data-brz-custom-id=\"ibMKJhofNpNB\">\n<div data-brz-translate-text=\"1\">\n<p class=\"brz-tp-lg-paragraph brz-css-rnwLP\" data-uniq-id=\"uNiJO\" data-generated-css=\"brz-css-cF_GA\"><span>Wifi<\/span><\/p>\n<\/div>\n<\/div>\n<\/div>\n<div id=\"\" class=\"brz-css-2zo2wa brz-wrapper\">\n<div class=\"brz-rich-text brz-rich-text__custom brz-css-1xkk4zh\" data-brz-custom-id=\"d40uIWD_UFGj\">\n<div data-brz-translate-text=\"1\">\n<p class=\"brz-tp-lg-paragraph brz-css-uis0G\" data-uniq-id=\"yFpdE\" data-generated-css=\"brz-css-gGeBz\"><span>T\u00e9l\u00e9coms<\/span><\/p>\n<\/div>\n<\/div>\n<\/div>\n<div id=\"\" class=\"brz-css-2zo2wa brz-wrapper\">\n<div class=\"brz-rich-text brz-rich-text__custom brz-css-1xkk4zh\" data-brz-custom-id=\"bGbtfttP0AFt\">\n<div data-brz-translate-text=\"1\">\n<p class=\"brz-tp-lg-paragraph brz-css-uUont\" data-generated-css=\"brz-css-xksUR\" data-uniq-id=\"dm8Z4\"><span>Imprimantes<\/span><\/p>\n<\/div>\n<\/div>\n<\/div>\n<div id=\"\" class=\"brz-css-2zo2wa brz-wrapper\">\n<div class=\"brz-rich-text brz-rich-text__custom brz-css-1xkk4zh\" data-brz-custom-id=\"igHweXSqpVOa\">\n<div data-brz-translate-text=\"1\">\n<p class=\"brz-tp-lg-paragraph brz-css-aUfQM\" data-generated-css=\"brz-css-thcOe\" data-uniq-id=\"oMUYY\"><span class=\"brz-cp-color7\">Logiciels de gestion<\/span><\/p>\n<\/div>\n<\/div>\n<\/div>\n<\/div>\n<\/div>\n<\/div>\n<\/div>\n<div class=\"brz-row__container brz-css-43ofwd\" data-brz-custom-id=\"ixpnxcihzbzhhcnozqpthfpayhfpyledtwsb\">\n<div class=\"brz-bg\"><\/div>\n<div class=\"brz-row brz-row--inner brz-css-1euvyok brz-css-13hqnm2\">\n<div class=\"brz-columns brz-css-1vs0o6w brz-css-11jveoz\" data-brz-custom-id=\"taluygoomonusqohpveycpnavemkenhiktaz\">\n<div class=\"brz-bg\">\n<div class=\"brz-bg-color\"><\/div>\n<\/div>\n<div class=\"brz-column__items brz-css-1uiqhvx brz-css-1q5mlca\">\n<div class=\"brz-wrapper-clone brz-css-122vmwp\">\n<div class=\"brz-d-xs-flex brz-flex-xs-wrap brz-css-btjz32\" data-brz-custom-id=\"\">\n<div class=\"brz-wrapper-clone__item\" id=\"sKyicQXecaUz\">\n<div class=\"brz-icon__container\" data-brz-custom-id=\"sKyicQXecaUz\"><span class=\"brz-icon brz-span brz-css-1yhplpw brz-css-au8yis\"><\/span><\/div>\n<\/div>\n<\/div>\n<\/div>\n<\/div>\n<\/div>\n<div class=\"brz-columns brz-css-1vs0o6w brz-css-z0glse\" data-brz-custom-id=\"tbzgwlyhkgvjupgfndmcygwacpgfrwzafiqc\">\n<div class=\"brz-bg\">\n<div class=\"brz-bg-color\"><\/div>\n<\/div>\n<div class=\"brz-column__items brz-css-1uiqhvx brz-css-yl2acg\">\n<div id=\"\" class=\"brz-css-2zo2wa brz-wrapper\">\n<div class=\"brz-wp-shortcode brz-css-h2sp3x\" data-brz-custom-id=\"hzwDIxYYShAb\">\n<div>\n<div style=\"text-align: center;margin-top: 20px\">\n    <a href=\"https:\/\/www.conty-informatique.com\/\" target=\"_blank\" style=\"padding: 10px 20px;background-color: #83b9d9;color: white;text-decoration: none;border-radius: 5px;font-weight: bold\"><br \/>\n       En savoir plus sur l&rsquo;entreprise<br \/>\n    <\/a>\n<\/div>\n<\/div>\n<\/div>\n<\/div>\n<\/div>\n<\/div>\n<\/div>\n<\/div>\n<\/div>\n<\/div>\n<\/div>\n<\/div>\n<\/div>\n<\/div>\n<\/section>\n<\/div>\n<p>    <!-- version:1740336452 --><\/p>\n","protected":false},"excerpt":{"rendered":"<p>Conty Conty Informatique est une entreprise sp\u00e9cialis\u00e9e dans les solutions informatiques, bas\u00e9e au Mans, Laval et Flers. Ses activit\u00e9s couvrent l&rsquo;informatique (ordinateurs, serveurs, r\u00e9seaux), les syst\u00e8mes d\u2019impression, les t\u00e9l\u00e9coms (t\u00e9l\u00e9phonie IP, internet) et les logiciels de gestion (SAGE, EBP). Avec 30 techniciens, elle offre des services cl\u00e9 en main : installation, maintenance, hotline et formation. [&hellip;]<\/p>\n","protected":false},"author":1,"featured_media":0,"parent":0,"menu_order":0,"comment_status":"closed","ping_status":"closed","template":"brizy-blank-template.php","meta":{"footnotes":""},"class_list":["post-77","page","type-page","status-publish","hentry"],"_links":{"self":[{"href":"https:\/\/ines.bonvallet.formation-esiac.fr\/index.php\/wp-json\/wp\/v2\/pages\/77","targetHints":{"allow":["GET"]}}],"collection":[{"href":"https:\/\/ines.bonvallet.formation-esiac.fr\/index.php\/wp-json\/wp\/v2\/pages"}],"about":[{"href":"https:\/\/ines.bonvallet.formation-esiac.fr\/index.php\/wp-json\/wp\/v2\/types\/page"}],"author":[{"embeddable":true,"href":"https:\/\/ines.bonvallet.formation-esiac.fr\/index.php\/wp-json\/wp\/v2\/users\/1"}],"replies":[{"embeddable":true,"href":"https:\/\/ines.bonvallet.formation-esiac.fr\/index.php\/wp-json\/wp\/v2\/comments?post=77"}],"version-history":[{"count":12,"href":"https:\/\/ines.bonvallet.formation-esiac.fr\/index.php\/wp-json\/wp\/v2\/pages\/77\/revisions"}],"predecessor-version":[{"id":542,"href":"https:\/\/ines.bonvallet.formation-esiac.fr\/index.php\/wp-json\/wp\/v2\/pages\/77\/revisions\/542"}],"wp:attachment":[{"href":"https:\/\/ines.bonvallet.formation-esiac.fr\/index.php\/wp-json\/wp\/v2\/media?parent=77"}],"curies":[{"name":"wp","href":"https:\/\/api.w.org\/{rel}","templated":true}]}}