{"id":85,"date":"2021-12-07T15:33:56","date_gmt":"2021-12-07T15:33:56","guid":{"rendered":"https:\/\/websitebuilder-demo.net\/refix\/?page_id=85"},"modified":"2025-01-27T22:55:35","modified_gmt":"2025-01-27T21:55:35","slug":"demo-pricing","status":"publish","type":"page","link":"https:\/\/ines.bonvallet.formation-esiac.fr\/index.php\/demo-pricing\/","title":{"rendered":"Veille Technologique"},"content":{"rendered":"<div class=\"brz-root__container brz-reset-all brz brz-root__container-page\">\n<section id=\"_qdceqtkehpizvudfbvctvdcwoyblbzlhlexs\" class=\"brz-section brz-css-11mu9sg\">\n<div class=\"brz-section__content brz-section--boxed brz-css-d7fa2j brz-css-cztgly\" data-brz-custom-id=\"pcmstilmvwftxvyjmhprzvlmdbxmsxedyxpg\">\n<div class=\"brz-bg\">\n<div class=\"brz-bg-color\"><\/div>\n<\/div>\n<div class=\"brz-container brz-css-10x0v5a\">\n<div id=\"\" class=\"brz-css-1hd18xo brz-css-f5m5l9 brz-wrapper\">\n<div class=\"brz-rich-text brz-rich-text__custom brz-css-11ity6\" data-brz-custom-id=\"enyqrfvtlsduvhjblzyztakrbfhjoyqbtylu\">\n<div data-brz-translate-text=\"1\">\n<p class=\"brz-text-lg-center brz-mb-sm-10 brz-tp-lg-heading2 brz-mt-lg-0 brz-mb-lg-40 brz-css-mDwX8\" data-uniq-id=\"s3kRX\" data-generated-css=\"brz-css-afJ2W\">Veilles Technologiques<\/p>\n<\/div>\n<\/div>\n<\/div>\n<div class=\"brz-row__container brz-css-udhjuj\" data-brz-custom-id=\"elbvryumdwrnthkhvdzirpbwrosqcddoddbc\">\n<div class=\"brz-bg\"><\/div>\n<div class=\"brz-row brz-css-xxw2ee brz-css-xqe5cf\">\n<div class=\"brz-columns brz-css-1ngr3dc brz-css-10azgux\" data-brz-custom-id=\"jagqygticyduetumjryxhorklmxnsorxcsfx\">\n<div class=\"brz-bg\">\n<div class=\"brz-bg-color\"><\/div>\n<\/div>\n<div class=\"brz-column__items brz-css-roh9kj brz-css-w6y7jt\">\n<div id=\"\" class=\"brz-css-1hd18xo brz-css-1jb7eyw brz-wrapper\">\n<div class=\"brz-image brz-css-1ld0blo brz-css-1i3ry5e\" data-brz-custom-id=\"e8EyyvA0MXO0\"><img decoding=\"async\" class=\"brz-img\" src=\"https:\/\/ines.bonvallet.formation-esiac.fr\/wp-content\/uploads\/2024\/12\/71YuHHl0omL._AC_UF350350_QL80_-1.jpg\" alt=\"\" loading=\"lazy\"><\/div>\n<\/div>\n<div id=\"\" class=\"brz-css-1hd18xo brz-css-19wsgek brz-wrapper\">\n<div class=\"brz-rich-text brz-rich-text__custom brz-css-11ity6\" data-brz-custom-id=\"szevsuqucilyflakansyzhtvmdmecjsjcyeu\">\n<div data-brz-translate-text=\"1\">\n<p data-uniq-id=\"tBmWv\" data-generated-css=\"brz-css-h8BmH\" class=\"brz-mb-lg-0 brz-tp-lg-heading5 brz-text-lg-center brz-mt-lg-20 brz-bcp-color2 brz-css-sIy7e\"><span class=\"brz-cp-color2\">La DDR5<\/span><\/p>\n<\/div>\n<\/div>\n<\/div>\n<div class=\"brz-wrapper-clone brz-css-1ilevkw\">\n<div class=\"brz-d-xs-flex brz-flex-xs-wrap brz-css-1yra46b\" data-brz-custom-id=\"\">\n<div class=\"brz-wrapper-clone__item\" id=\"xncyvstiagpozgnszrscewswqeduixwyjhle\"><a class=\"brz-a brz-btn brz-css-1ak1wcg brz-css-34ntzh brz-css-17yqsed brz-css-1rdknky\" href=\"http:\/\/ines.bonvallet.formation-esiac.fr\/wp-content\/uploads\/2024\/12\/Veille-Technologique-Active-Ines-BONVALLET.pdf\" target=\"_blank\" rel=\"noopener\" data-brz-link-type=\"external\" data-brz-custom-id=\"xncyvstiagpozgnszrscewswqeduixwyjhle\"><span data-brz-translate-text=\"1\" class=\"brz-span brz-text__editor\">T\u00e9l\u00e9charger<\/span><\/a><\/div>\n<\/div>\n<\/div>\n<\/div>\n<\/div>\n<div class=\"brz-columns brz-css-1ngr3dc brz-css-trfh76\" data-brz-custom-id=\"cjahbuymblfcorjytolcbjbxpcvndeuyjtby\">\n<div class=\"brz-bg\">\n<div class=\"brz-bg-color\"><\/div>\n<\/div>\n<div class=\"brz-column__items brz-css-roh9kj brz-css-1k2cg7d\">\n<div id=\"\" class=\"brz-css-1hd18xo brz-css-1cjc1za brz-wrapper\">\n<div class=\"brz-image brz-css-4x0hkj brz-css-d2bzsv\" data-brz-custom-id=\"yGzLowfMz9_k\"><img decoding=\"async\" class=\"brz-img\" src=\"https:\/\/ines.bonvallet.formation-esiac.fr\/wp-content\/uploads\/2024\/12\/istockphoto-1399980046-612x612-1.jpg\" alt=\"\" loading=\"lazy\"><\/div>\n<\/div>\n<div id=\"\" class=\"brz-css-1hd18xo brz-css-vk2k44 brz-wrapper\">\n<div class=\"brz-rich-text brz-rich-text__custom brz-css-11ity6\" data-brz-custom-id=\"jbabiolrjhidfqrfwkbxchamuiipsdukdntn\">\n<div data-brz-translate-text=\"1\">\n<p class=\"brz-mt-lg-20 brz-text-lg-center brz-tp-lg-heading5 brz-mb-lg-0 brz-css-aok4H\" data-uniq-id=\"jvP7a\" data-generated-css=\"brz-css-oIdYz\"><span class=\"brz-cp-color2\">Akira &#8211; Ransomware<\/span><\/p>\n<\/div>\n<\/div>\n<\/div>\n<div class=\"brz-wrapper-clone brz-css-1ilevkw\">\n<div class=\"brz-d-xs-flex brz-flex-xs-wrap brz-css-1yra46b\" data-brz-custom-id=\"\">\n<div class=\"brz-wrapper-clone__item\" id=\"xzoukqmnhxpuxzkhhynnwmsrlhqssgvnluhg\"><a class=\"brz-a brz-btn brz-css-1ak1wcg brz-css-1j92vip brz-css-17yqsed brz-css-1qj4gyd\" href=\"http:\/\/ines.bonvallet.formation-esiac.fr\/wp-content\/uploads\/2024\/12\/Veille-Technologique-Passive-1-Ines-BONVALLET.pdf\" target=\"_blank\" rel=\"noopener\" data-brz-link-type=\"external\" data-brz-custom-id=\"xzoukqmnhxpuxzkhhynnwmsrlhqssgvnluhg\"><span data-brz-translate-text=\"1\" class=\"brz-span brz-text__editor\">T\u00e9l\u00e9charger<\/span><\/a><\/div>\n<\/div>\n<\/div>\n<\/div>\n<\/div>\n<div class=\"brz-columns brz-css-1ngr3dc brz-css-yunfmm\" data-brz-custom-id=\"qrkacgjxffbrcwcyoehqyeimxzxscgdjzoiz\">\n<div class=\"brz-bg\">\n<div class=\"brz-bg-color\"><\/div>\n<\/div>\n<div class=\"brz-column__items brz-css-roh9kj brz-css-1lwwcoi\">\n<div id=\"\" class=\"brz-css-1hd18xo brz-css-1qes2y7 brz-wrapper\">\n<div class=\"brz-image brz-css-wgqzdf brz-css-1shommb\" data-brz-custom-id=\"ezZ_BSavvKLL\"><img decoding=\"async\" class=\"brz-img\" src=\"https:\/\/ines.bonvallet.formation-esiac.fr\/wp-content\/uploads\/2024\/12\/ransomware-blog-hero.webp\" alt=\"\" loading=\"lazy\"><\/div>\n<\/div>\n<div id=\"\" class=\"brz-css-1hd18xo brz-css-unxxp6 brz-wrapper\">\n<div class=\"brz-rich-text brz-rich-text__custom brz-css-11ity6\" data-brz-custom-id=\"wxmgyuftmfkfhmtyicvlynwdtvecdvyojxrn\">\n<div data-brz-translate-text=\"1\">\n<p class=\"brz-mt-lg-20 brz-text-lg-center brz-tp-lg-heading5 brz-mb-lg-0 brz-css-xIoZu\" data-uniq-id=\"j5XnM\" data-generated-css=\"brz-css-mM7Et\"><span class=\"brz-cp-color2\">Black Basta &#8211; Ransomware<\/span><\/p>\n<\/div>\n<\/div>\n<\/div>\n<div class=\"brz-wrapper-clone brz-css-1ilevkw\">\n<div class=\"brz-d-xs-flex brz-flex-xs-wrap brz-css-1yra46b\" data-brz-custom-id=\"\">\n<div class=\"brz-wrapper-clone__item\" id=\"njnuenquyfizbzdfuoczjpqpaxgawpzzkjqm\"><a class=\"brz-a brz-btn brz-css-1ak1wcg brz-css-zir5ql brz-css-17yqsed brz-css-1ub3g0r\" href=\"http:\/\/ines.bonvallet.formation-esiac.fr\/wp-content\/uploads\/2024\/12\/Veille-Technologique-Passive-2-Ines-BONVALLET.pdf\" target=\"_blank\" rel=\"noopener\" data-brz-link-type=\"external\" data-brz-custom-id=\"njnuenquyfizbzdfuoczjpqpaxgawpzzkjqm\"><span data-brz-translate-text=\"1\" class=\"brz-span brz-text__editor\">T\u00e9l\u00e9charger<\/span><\/a><\/div>\n<\/div>\n<\/div>\n<\/div>\n<\/div>\n<\/div>\n<\/div>\n<\/div>\n<\/div>\n<\/section>\n<\/div>\n<p>    <!-- version:1738014935 --><\/p>\n","protected":false},"excerpt":{"rendered":"<p>Veilles Technologiques La DDR5 T\u00e9l\u00e9charger Akira &#8211; Ransomware T\u00e9l\u00e9charger Black Basta &#8211; Ransomware T\u00e9l\u00e9charger<\/p>\n","protected":false},"author":1,"featured_media":0,"parent":0,"menu_order":0,"comment_status":"closed","ping_status":"closed","template":"brizy-blank-template.php","meta":{"footnotes":""},"class_list":["post-85","page","type-page","status-publish","hentry"],"_links":{"self":[{"href":"https:\/\/ines.bonvallet.formation-esiac.fr\/index.php\/wp-json\/wp\/v2\/pages\/85","targetHints":{"allow":["GET"]}}],"collection":[{"href":"https:\/\/ines.bonvallet.formation-esiac.fr\/index.php\/wp-json\/wp\/v2\/pages"}],"about":[{"href":"https:\/\/ines.bonvallet.formation-esiac.fr\/index.php\/wp-json\/wp\/v2\/types\/page"}],"author":[{"embeddable":true,"href":"https:\/\/ines.bonvallet.formation-esiac.fr\/index.php\/wp-json\/wp\/v2\/users\/1"}],"replies":[{"embeddable":true,"href":"https:\/\/ines.bonvallet.formation-esiac.fr\/index.php\/wp-json\/wp\/v2\/comments?post=85"}],"version-history":[{"count":4,"href":"https:\/\/ines.bonvallet.formation-esiac.fr\/index.php\/wp-json\/wp\/v2\/pages\/85\/revisions"}],"predecessor-version":[{"id":579,"href":"https:\/\/ines.bonvallet.formation-esiac.fr\/index.php\/wp-json\/wp\/v2\/pages\/85\/revisions\/579"}],"wp:attachment":[{"href":"https:\/\/ines.bonvallet.formation-esiac.fr\/index.php\/wp-json\/wp\/v2\/media?parent=85"}],"curies":[{"name":"wp","href":"https:\/\/api.w.org\/{rel}","templated":true}]}}